{"id":94,"date":"2024-02-23T10:11:29","date_gmt":"2024-02-23T10:11:29","guid":{"rendered":"https:\/\/tkarpisek.hak-digital.at\/wp2\/?page_id=94"},"modified":"2024-03-01T10:05:03","modified_gmt":"2024-03-01T10:05:03","slug":"meine-bisheriges-arbeitsleben","status":"publish","type":"page","link":"https:\/\/tkarpisek.hak-digital.at\/wp2\/?page_id=94","title":{"rendered":"Arbeit"},"content":{"rendered":"\n<p>Mein bisheriges Arbeitsleben ist einfach zu erz\u00e4hlen.<br>Begonnen habe ich in den Sommerferien von der 2. Klasse auf die 3. Klasse. Ich habe bei meinem Vater im Ger\u00fcstbauunternehmen gearbeitet. Hier habe ich Baustellen ausgemessen, skizziert und Rechnungen verschickt. Der Sommerjob hat mir sehr gut gefallen, da ich endlich einen Einblick ins Berufsleben meines Vaters bekam.<\/p>\n\n\n\n<p>Mein 2. Job war bei der UNIQA AG bei welcher ich leider nur sehr wenige Aufgaben bekam. Gleichzeitig starb mein Opa und es war generell eine sehr schlechte Zeit f\u00fcr mich.<\/p>\n\n\n\n<p>Mein 3. Job und mein bis jetzt letzter war bei der Luftburg im Prater als Kellner. Es hat mir \u00fcberraschend gut gefallen, da ich bis jetzt nur B\u00fcrojobs hatte, aber ich mochte den Job es war eine Abwechslung. Auch die Chefs waren sehr gelassen und \u00fcberhaupt war das ganze Personal sehr lieb und hilfsbereit.<\/p>\n\n\n\n<p>Wenn ich im Sommer meinen 4. Job angehe aktualisiere ich diese Seite nat\u00fcrlich<\/p>\n","protected":false},"excerpt":{"rendered":"<p>Mein bisheriges Arbeitsleben ist einfach zu erz\u00e4hlen.Begonnen habe ich in den Sommerferien von der 2. Klasse auf die 3. Klasse. Ich habe bei meinem Vater im Ger\u00fcstbauunternehmen gearbeitet. Hier habe ich Baustellen ausgemessen, skizziert und Rechnungen verschickt. Der Sommerjob hat mir sehr gut gefallen, da ich endlich einen Einblick ins Berufsleben meines Vaters bekam. Mein [&hellip;]<\/p>\n","protected":false},"author":1,"featured_media":0,"parent":0,"menu_order":0,"comment_status":"closed","ping_status":"closed","template":"","meta":{"ngg_post_thumbnail":0,"footnotes":""},"aioseo_notices":[],"_links":{"self":[{"href":"https:\/\/tkarpisek.hak-digital.at\/wp2\/index.php?rest_route=\/wp\/v2\/pages\/94"}],"collection":[{"href":"https:\/\/tkarpisek.hak-digital.at\/wp2\/index.php?rest_route=\/wp\/v2\/pages"}],"about":[{"href":"https:\/\/tkarpisek.hak-digital.at\/wp2\/index.php?rest_route=\/wp\/v2\/types\/page"}],"author":[{"embeddable":true,"href":"https:\/\/tkarpisek.hak-digital.at\/wp2\/index.php?rest_route=\/wp\/v2\/users\/1"}],"replies":[{"embeddable":true,"href":"https:\/\/tkarpisek.hak-digital.at\/wp2\/index.php?rest_route=%2Fwp%2Fv2%2Fcomments&post=94"}],"version-history":[{"count":3,"href":"https:\/\/tkarpisek.hak-digital.at\/wp2\/index.php?rest_route=\/wp\/v2\/pages\/94\/revisions"}],"predecessor-version":[{"id":120,"href":"https:\/\/tkarpisek.hak-digital.at\/wp2\/index.php?rest_route=\/wp\/v2\/pages\/94\/revisions\/120"}],"wp:attachment":[{"href":"https:\/\/tkarpisek.hak-digital.at\/wp2\/index.php?rest_route=%2Fwp%2Fv2%2Fmedia&parent=94"}],"curies":[{"name":"wp","href":"https:\/\/api.w.org\/{rel}","templated":true}]}}