{"id":78,"date":"2024-02-23T10:08:59","date_gmt":"2024-02-23T10:08:59","guid":{"rendered":"https:\/\/tkarpisek.hak-digital.at\/wp2\/?page_id=78"},"modified":"2024-03-01T10:05:21","modified_gmt":"2024-03-01T10:05:21","slug":"meine-fussballkariere","status":"publish","type":"page","link":"https:\/\/tkarpisek.hak-digital.at\/wp2\/?page_id=78","title":{"rendered":"Fu\u00dfballkarriere"},"content":{"rendered":"\n<p>Fu\u00dfball hat schon immer einen gro\u00dfen Teil meines Lebens bestimmt und viele meiner Freunde kenne ich dadurch.<br>Ich begann beim SC Enzersfeld und spielte dort von 2010-2013. Das Problem war es gab keine Mannschaft f\u00fcr meinen Jahrgang und spielte deswegen nur mit und gegen Kinder welche alle ein Jahr \u00e4lter waren als ich. Wer sich auskennt wei\u00df, dass ein Jahr K\u00f6rperentwicklung bei Kindern vor allem bei Jungs einen gro\u00dfen Unterschied macht. 2013 gab der Trainer bekannt, dass wir wegen zu wenigen Spielern uns mit den Kindern welche noch ein Jahr \u00e4lter waren zusammentun w\u00fcrden. Ehrlich gesagt wollte ich nicht gegen Leute spielen welche 2 Jahre \u00e4lter waren und deswegen wechselte ich Verein.<\/p>\n\n\n\n<p>Mein 2. Verein war Stetten in diesem spielte ich von 2013-2020. In diesem Verein verbrachte ich bis jetzt eindeutig am meisten Zeit. Hier konnte ich endlich mit und gegen Spieler spielen welche so alt waren wie ich. In Stetten gewannen wir auch so viel, dass wir als kleinster Verein in der 2. Landesliga spielen durften. Zwar verloren wir jedes Spiel au\u00dfer eines und meisten verloren wir hoch. Trotzdem war es eine sehr coole Erfahrung.<\/p>\n\n\n\n<p>Dann bekam ich ein Angebot von meinem alten Verein Enzersfeld wieder zur\u00fcckzukommen  und dort in der Jugend zu spielen und weil in Stetten die meisten schon in die Reserve gehen wollten und ich noch nicht nahm ich das Angebot an. In Enzersfeld spielte ich von 2020-2023. Ich spielte hier 2 Jahre in der Jugend und 2 Jahre in der Reserve. Das ging so: Ich wechselte im Sommer 2020 (was sehr \u00fcblich ist im Fu\u00dfball) und spielte ein halbes Jahr nur in der Jugend. Ich wurde dann gefragt ob ich auch Reserve spielen wollte und mittlerweile wollte ich das, also sagte ich ja. So circa ab hier ist meine fixe Position Innenverteidiger welche ich auch in der Reserve haben wollte, das Problem: es gab nat\u00fcrlich schon 2 etablierte Innenverteidiger und sie wollten im n\u00e4chsten Sommer noch einen holen. Aber ich setzte mich gegen beide durch und wurde zum fixen IV und deswegen wollte der Trainer, dass ich nur noch in der Reserve spiele. <\/p>\n\n\n\n<p>2023 lief mein zweiter Leihvertrag mit Enzersfeld aus und ich kam wieder zur\u00fcck nach Stetten, zum Dank f\u00fcr meinen Einsatz durfte ich auch bei meinem letzten Match f\u00fcr Enzersfeld der Kapit\u00e4n sein f\u00fcr meine Mannschaft. Im Sommer dann kam ich wieder nach Stetten zur\u00fcck wo ich durch den Mangel an Spielern in fast jeder Position eingesetzt wurde.  Erst im letzten Match durfte ich endlich wieder an meine Lieblingsposition zur\u00fcck: Innenverteidiger. Es war ein so gutes Match von mir dass unser Trainer sogar sagte, dass ich der beste Spieler am Feld. Das war vor der Winterpause.<br>Jetzt beginnt die Fr\u00fchlingssaison langsam und da viele krank oder verletzt waren, wurde mir gesagt dass ich bei der Kampfmannschaft mitspielen soll. Ich spielte zwar nur 15 Minuten aber anscheinend habe ich dass gut getan, denn der Trainer hat mir im gestrigen Training gesagt, dass er mich morgen also heute nach der Schule beim Match dabei haben will. Ist zwar sehr kurzfristig aber es geht sich aus.<\/p>\n\n\n\n<p>Wie immer halt ich euch auf dem Laufenden!<\/p>\n\n\n\n\n<div class=\"ngg-galleryoverview ngg-slideshow\"\n\tid=\"ngg-slideshow-086773e1c3df2b24a853ba373468e558-6181546880\"\n\tdata-gallery-id=\"086773e1c3df2b24a853ba373468e558\"\n\tstyle=\"max-width: 750px;\n\t\t\tmax-height: 500px;\n\t\t\tdisplay: none;\">\n\n\t\n\t\t<a href=\"https:\/\/tkarpisek.hak-digital.at\/wp2\/wp-content\/gallery\/mannschaften\/stetten.jpeg\"\n\t\t\ttitle=\"\"\n\t\t\tdata-src=\"https:\/\/tkarpisek.hak-digital.at\/wp2\/wp-content\/gallery\/mannschaften\/stetten.jpeg\"\n\t\t\tdata-thumbnail=\"https:\/\/tkarpisek.hak-digital.at\/wp2\/wp-content\/gallery\/mannschaften\/thumbs\/thumbs-stetten.jpeg\"\n\t\t\tdata-image-id=\"23\"\n\t\t\tdata-title=\"stetten\"\n\t\t\tdata-description=\"\"\n\t\t\tclass=\"ngg-simplelightbox\" rel=\"086773e1c3df2b24a853ba373468e558\">\n\n\t\t\t<img data-image-id='23'\n\t\t\t\ttitle=\"\"\n\t\t\t\talt=\"stetten\"\n\t\t\t\tsrc=\"https:\/\/tkarpisek.hak-digital.at\/wp2\/wp-content\/gallery\/mannschaften\/stetten.jpeg\"\n\t\t\t\tstyle=\"max-height: 480px;\"\/>\n\t\t<\/a>\n\n\t\t\n\t\t<a href=\"https:\/\/tkarpisek.hak-digital.at\/wp2\/wp-content\/gallery\/mannschaften\/Enzersfeld.jpeg\"\n\t\t\ttitle=\"\"\n\t\t\tdata-src=\"https:\/\/tkarpisek.hak-digital.at\/wp2\/wp-content\/gallery\/mannschaften\/Enzersfeld.jpeg\"\n\t\t\tdata-thumbnail=\"https:\/\/tkarpisek.hak-digital.at\/wp2\/wp-content\/gallery\/mannschaften\/thumbs\/thumbs-Enzersfeld.jpeg\"\n\t\t\tdata-image-id=\"24\"\n\t\t\tdata-title=\"Enzersfeld\"\n\t\t\tdata-description=\"\"\n\t\t\tclass=\"ngg-simplelightbox\" rel=\"086773e1c3df2b24a853ba373468e558\">\n\n\t\t\t<img data-image-id='24'\n\t\t\t\ttitle=\"\"\n\t\t\t\talt=\"Enzersfeld\"\n\t\t\t\tsrc=\"https:\/\/tkarpisek.hak-digital.at\/wp2\/wp-content\/gallery\/mannschaften\/Enzersfeld.jpeg\"\n\t\t\t\tstyle=\"max-height: 480px;\"\/>\n\t\t<\/a>\n\n\t\t<\/div>\n\n\n\n","protected":false},"excerpt":{"rendered":"<p>Fu\u00dfball hat schon immer einen gro\u00dfen Teil meines Lebens bestimmt und viele meiner Freunde kenne ich dadurch.Ich begann beim SC Enzersfeld und spielte dort von 2010-2013. Das Problem war es gab keine Mannschaft f\u00fcr meinen Jahrgang und spielte deswegen nur mit und gegen Kinder welche alle ein Jahr \u00e4lter waren als ich. Wer sich auskennt [&hellip;]<\/p>\n","protected":false},"author":1,"featured_media":0,"parent":0,"menu_order":0,"comment_status":"closed","ping_status":"closed","template":"","meta":{"ngg_post_thumbnail":0,"footnotes":""},"aioseo_notices":[],"_links":{"self":[{"href":"https:\/\/tkarpisek.hak-digital.at\/wp2\/index.php?rest_route=\/wp\/v2\/pages\/78"}],"collection":[{"href":"https:\/\/tkarpisek.hak-digital.at\/wp2\/index.php?rest_route=\/wp\/v2\/pages"}],"about":[{"href":"https:\/\/tkarpisek.hak-digital.at\/wp2\/index.php?rest_route=\/wp\/v2\/types\/page"}],"author":[{"embeddable":true,"href":"https:\/\/tkarpisek.hak-digital.at\/wp2\/index.php?rest_route=\/wp\/v2\/users\/1"}],"replies":[{"embeddable":true,"href":"https:\/\/tkarpisek.hak-digital.at\/wp2\/index.php?rest_route=%2Fwp%2Fv2%2Fcomments&post=78"}],"version-history":[{"count":6,"href":"https:\/\/tkarpisek.hak-digital.at\/wp2\/index.php?rest_route=\/wp\/v2\/pages\/78\/revisions"}],"predecessor-version":[{"id":121,"href":"https:\/\/tkarpisek.hak-digital.at\/wp2\/index.php?rest_route=\/wp\/v2\/pages\/78\/revisions\/121"}],"wp:attachment":[{"href":"https:\/\/tkarpisek.hak-digital.at\/wp2\/index.php?rest_route=%2Fwp%2Fv2%2Fmedia&parent=78"}],"curies":[{"name":"wp","href":"https:\/\/api.w.org\/{rel}","templated":true}]}}