{"id":69,"date":"2024-02-23T09:51:28","date_gmt":"2024-02-23T09:51:28","guid":{"rendered":"https:\/\/tkarpisek.hak-digital.at\/wp2\/?page_id=69"},"modified":"2024-03-01T10:04:21","modified_gmt":"2024-03-01T10:04:21","slug":"impressum","status":"publish","type":"page","link":"https:\/\/tkarpisek.hak-digital.at\/wp2\/?page_id=69","title":{"rendered":"Impressum"},"content":{"rendered":"\n<p>Tobias Karpisek<br>Einzelperson | Sch\u00fcler<br>2202 K\u00f6nigsbrunn, Rosenbergweg 5 | \u00d6sterreich<br>Tel.: +43 660 50 70 244<br>E-Mail: t.karpisek@icloud.com<\/p>\n\n\n\n<p>Diese Seite ist eine \u00dcbungsseite im Rahmen des Schulunterrichts. F\u00fcr Bilder und Angaben ist keine Gewehr.<br><br><\/p>\n","protected":false},"excerpt":{"rendered":"<p>Tobias KarpisekEinzelperson | Sch\u00fcler2202 K\u00f6nigsbrunn, Rosenbergweg 5 | \u00d6sterreichTel.: +43 660 50 70 244E-Mail: t.karpisek@icloud.com Diese Seite ist eine \u00dcbungsseite im Rahmen des Schulunterrichts. F\u00fcr Bilder und Angaben ist keine Gewehr.<\/p>\n","protected":false},"author":1,"featured_media":0,"parent":0,"menu_order":0,"comment_status":"closed","ping_status":"closed","template":"","meta":{"ngg_post_thumbnail":0,"footnotes":""},"aioseo_notices":[],"_links":{"self":[{"href":"https:\/\/tkarpisek.hak-digital.at\/wp2\/index.php?rest_route=\/wp\/v2\/pages\/69"}],"collection":[{"href":"https:\/\/tkarpisek.hak-digital.at\/wp2\/index.php?rest_route=\/wp\/v2\/pages"}],"about":[{"href":"https:\/\/tkarpisek.hak-digital.at\/wp2\/index.php?rest_route=\/wp\/v2\/types\/page"}],"author":[{"embeddable":true,"href":"https:\/\/tkarpisek.hak-digital.at\/wp2\/index.php?rest_route=\/wp\/v2\/users\/1"}],"replies":[{"embeddable":true,"href":"https:\/\/tkarpisek.hak-digital.at\/wp2\/index.php?rest_route=%2Fwp%2Fv2%2Fcomments&post=69"}],"version-history":[{"count":2,"href":"https:\/\/tkarpisek.hak-digital.at\/wp2\/index.php?rest_route=\/wp\/v2\/pages\/69\/revisions"}],"predecessor-version":[{"id":118,"href":"https:\/\/tkarpisek.hak-digital.at\/wp2\/index.php?rest_route=\/wp\/v2\/pages\/69\/revisions\/118"}],"wp:attachment":[{"href":"https:\/\/tkarpisek.hak-digital.at\/wp2\/index.php?rest_route=%2Fwp%2Fv2%2Fmedia&parent=69"}],"curies":[{"name":"wp","href":"https:\/\/api.w.org\/{rel}","templated":true}]}}